{"id":452,"date":"2019-09-15T14:33:14","date_gmt":"2019-09-15T12:33:14","guid":{"rendered":"https:\/\/www.stfrans.no\/?page_id=452"},"modified":"2025-11-01T14:59:44","modified_gmt":"2025-11-01T13:59:44","slug":"messetider","status":"publish","type":"page","link":"https:\/\/www.stfrans.no\/index.php\/menighet-i-larvik\/messetider\/","title":{"rendered":"Messetider"},"content":{"rendered":"\n<p><\/p>\n\n\n\n<p><\/p>\n\n\n\n<p><strong>(gjelder fra 14.09.2025)<\/strong><\/p>\n\n\n\n<p><strong>S\u00f8ndager<br><\/strong>10:00 Norsk h\u00f8ymesse<br>12:00 Polsk messe (1., 2., 4., 5. s\u00f8ndag)<br>12:00 Vietnamesisk messe (3. s\u00f8ndag)<br>14:00 Polsk messe (3. s\u00f8ndag)<strong><\/strong><\/p>\n\n\n\n<p><strong>Mandag<\/strong><br>18:00 Messe i klosterkapellet med venerasjon av Frans av Assisis relikvier<\/p>\n\n\n\n<p><strong>Tirsdag<\/strong><br>18:00 Messe i klosterkapellet<\/p>\n\n\n\n<p><strong>Onsdag<\/strong><br>18:00 Messe i kirken<br>(3. onsdag i m\u00e5neden filippinsk messe i kirken)<\/p>\n\n\n\n<p><strong>Torsdag<\/strong><br>18:00 Messe i kirken<br>Tilbedelse til kl. 20.00 med mulighet for skriftem\u00e5l<\/p>\n\n\n\n<p><strong>Fredag<\/strong><br>18:00 Messe i kirken<\/p>\n\n\n\n<p><strong>L\u00f8rdag<\/strong><br>18:00 Messe i kirken<\/p>\n\n\n\n<p>Skriftem\u00e5l s\u00f8ndag kl. 09:40 &#8211; 10.00 og 11:30-12:00.<br>Skriftem\u00e5l torsdag under tilbedelsen 18.45 &#8211; 19.45.<br>Ellers etter avtale.<\/p>\n\n\n<p><!--EndFragment--><\/p>\n\n\n<p><\/p>\n","protected":false},"excerpt":{"rendered":"<p>(gjelder fra 14.09.2025) S\u00f8ndager10:00 Norsk h\u00f8ymesse12:00 Polsk messe (1., 2., 4., 5. s\u00f8ndag)12:00 Vietnamesisk messe (3. s\u00f8ndag)14:00 Polsk messe (3. s\u00f8ndag) Mandag18:00 Messe i klosterkapellet med venerasjon av Frans av Assisis relikvier Tirsdag18:00 Messe i klosterkapellet Onsdag18:00 Messe i kirken(3. onsdag i m\u00e5neden filippinsk messe i kirken) Torsdag18:00 Messe i kirkenTilbedelse til kl. 20.00 med &hellip; <\/p>\n<p class=\"link-more\"><a href=\"https:\/\/www.stfrans.no\/index.php\/menighet-i-larvik\/messetider\/\" class=\"more-link\">Fortsett \u00e5 lese<span class=\"screen-reader-text\"> \u00abMessetider\u00bb<\/span><\/a><\/p>\n","protected":false},"author":2,"featured_media":0,"parent":260,"menu_order":0,"comment_status":"closed","ping_status":"closed","template":"","meta":{"footnotes":""},"class_list":["post-452","page","type-page","status-publish"],"_links":{"self":[{"href":"https:\/\/www.stfrans.no\/index.php\/wp-json\/wp\/v2\/pages\/452","targetHints":{"allow":["GET"]}}],"collection":[{"href":"https:\/\/www.stfrans.no\/index.php\/wp-json\/wp\/v2\/pages"}],"about":[{"href":"https:\/\/www.stfrans.no\/index.php\/wp-json\/wp\/v2\/types\/page"}],"author":[{"embeddable":true,"href":"https:\/\/www.stfrans.no\/index.php\/wp-json\/wp\/v2\/users\/2"}],"replies":[{"embeddable":true,"href":"https:\/\/www.stfrans.no\/index.php\/wp-json\/wp\/v2\/comments?post=452"}],"version-history":[{"count":12,"href":"https:\/\/www.stfrans.no\/index.php\/wp-json\/wp\/v2\/pages\/452\/revisions"}],"predecessor-version":[{"id":10807,"href":"https:\/\/www.stfrans.no\/index.php\/wp-json\/wp\/v2\/pages\/452\/revisions\/10807"}],"up":[{"embeddable":true,"href":"https:\/\/www.stfrans.no\/index.php\/wp-json\/wp\/v2\/pages\/260"}],"wp:attachment":[{"href":"https:\/\/www.stfrans.no\/index.php\/wp-json\/wp\/v2\/media?parent=452"}],"curies":[{"name":"wp","href":"https:\/\/api.w.org\/{rel}","templated":true}]}}