{"id":10298,"date":"2024-11-21T20:47:21","date_gmt":"2024-11-21T19:47:21","guid":{"rendered":"https:\/\/www.stfrans.no\/?page_id=10298"},"modified":"2025-11-01T14:59:37","modified_gmt":"2025-11-01T13:59:37","slug":"z-zycia-wspolnoty","status":"publish","type":"page","link":"https:\/\/www.stfrans.no\/index.php\/z-zycia-wspolnoty\/","title":{"rendered":"Z \u017cycia wsp\u00f3lnoty"},"content":{"rendered":"\t\t<div data-elementor-type=\"wp-page\" data-elementor-id=\"10298\" class=\"elementor elementor-10298\" data-elementor-post-type=\"page\">\n\t\t\t\t<div class=\"elementor-element elementor-element-edb9408 e-con-full animated-slow e-flex elementor-invisible e-con e-parent\" data-id=\"edb9408\" data-element_type=\"container\" data-e-type=\"container\" data-settings=\"{&quot;animation&quot;:&quot;fadeInUp&quot;}\">\n\t\t<div class=\"elementor-element elementor-element-7acdd596 e-con-full e-flex e-con e-child\" data-id=\"7acdd596\" data-element_type=\"container\" data-e-type=\"container\" data-settings=\"{&quot;animation_mobile&quot;:&quot;fadeInUp&quot;}\">\n\t\t\t\t<div class=\"elementor-element elementor-element-1bcc1e9e elementor-widget__width-initial elementor-widget elementor-widget-image\" data-id=\"1bcc1e9e\" data-element_type=\"widget\" data-e-type=\"widget\" data-widget_type=\"image.default\">\n\t\t\t\t<div class=\"elementor-widget-container\">\n\t\t\t\t\t\t\t\t\t\t\t\t\t\t\t<img fetchpriority=\"high\" decoding=\"async\" width=\"525\" height=\"308\" src=\"https:\/\/www.stfrans.no\/wp-content\/uploads\/2024\/11\/konferencja-19.11.webp\" class=\"attachment-large size-large wp-image-10288\" alt=\"\" srcset=\"https:\/\/www.stfrans.no\/wp-content\/uploads\/2024\/11\/konferencja-19.11.webp 1024w, https:\/\/www.stfrans.no\/wp-content\/uploads\/2024\/11\/konferencja-19.11-300x176.webp 300w, https:\/\/www.stfrans.no\/wp-content\/uploads\/2024\/11\/konferencja-19.11-768x450.webp 768w\" sizes=\"100vw\" \/>\t\t\t\t\t\t\t\t\t\t\t\t\t\t\t<\/div>\n\t\t\t\t<\/div>\n\t\t\t\t<\/div>\n\t\t<div class=\"elementor-element elementor-element-7d2e72b0 e-con-full e-flex e-con e-child\" data-id=\"7d2e72b0\" data-element_type=\"container\" data-e-type=\"container\">\n\t\t\t\t<div class=\"elementor-element elementor-element-54f11654 elementor-widget-tablet__width-initial elementor-widget elementor-widget-text-editor\" data-id=\"54f11654\" data-element_type=\"widget\" data-e-type=\"widget\" data-settings=\"{&quot;_animation_mobile&quot;:&quot;fadeInRight&quot;}\" data-widget_type=\"text-editor.default\">\n\t\t\t\t<div class=\"elementor-widget-container\">\n\t\t\t\t\t\t\t\t\t<h1><strong>Powo\u0142anie i ciemno\u015b\u0107.<br \/><\/strong><strong>Poszukiwania Franciszka.<\/strong><\/h1>\t\t\t\t\t\t\t\t<\/div>\n\t\t\t\t<\/div>\n\t\t\t\t<div class=\"elementor-element elementor-element-b674d0e elementor-hidden-tablet elementor-widget elementor-widget-text-editor\" data-id=\"b674d0e\" data-element_type=\"widget\" data-e-type=\"widget\" data-settings=\"{&quot;_animation_mobile&quot;:&quot;fadeInUp&quot;}\" data-widget_type=\"text-editor.default\">\n\t\t\t\t<div class=\"elementor-widget-container\">\n\t\t\t\t\t\t\t\t\t<p><span data-olk-copy-source=\"MessageBody\">W dniu 16. listopada odby\u0142o si\u0119 kolejne spotkanie formacyjne naszej wsp\u00f3lnoty. Po wys\u0142uchaniu konferencji na temat &laquo;Powo\u0142anie i ciemno\u015b\u0107. Poszukiwania Franciszka&raquo;, m\u00f3wi\u0105cej o tym, czego do\u015bwiadczy\u0142 \u015bw. Franciszek na pocz\u0105tku swojej drogi powo\u0142ania, mogli\u015bmy w chwili refleksji odnie\u015b\u0107 us\u0142yszane s\u0142owa do swojego \u017cycia i podzieli\u0107 si\u0119 swoimi przymy\u015bleniami.\u00a0<\/span><\/p>\t\t\t\t\t\t\t\t<\/div>\n\t\t\t\t<\/div>\n\t\t\t\t<\/div>\n\t\t\t\t<\/div>\n\t\t<div class=\"elementor-element elementor-element-6bc5cf4a elementor-hidden-desktop elementor-hidden-mobile e-flex e-con-boxed e-con e-parent\" data-id=\"6bc5cf4a\" data-element_type=\"container\" data-e-type=\"container\" data-settings=\"{&quot;animation_tablet&quot;:&quot;fadeInUp&quot;}\">\n\t\t\t\t\t<div class=\"e-con-inner\">\n\t\t\t\t<div class=\"elementor-element elementor-element-4923c5b7 elementor-widget elementor-widget-text-editor\" data-id=\"4923c5b7\" data-element_type=\"widget\" data-e-type=\"widget\" data-widget_type=\"text-editor.default\">\n\t\t\t\t<div class=\"elementor-widget-container\">\n\t\t\t\t\t\t\t\t\t<p><span data-olk-copy-source=\"MessageBody\">W dniu 16. listopada odby\u0142o si\u0119 kolejne spotkanie formacyjne naszej wsp\u00f3lnoty. Po wys\u0142uchaniu konferencji na temat &laquo;Powo\u0142anie i ciemno\u015b\u0107. Poszukiwania Franciszka&raquo;, m\u00f3wi\u0105cej o tym, czego do\u015bwiadczy\u0142 \u015bw. Franciszek na pocz\u0105tku swojej drogi powo\u0142ania, mogli\u015bmy w chwili refleksji odnie\u015b\u0107 us\u0142yszane s\u0142owa do swojego \u017cycia i podzieli\u0107 si\u0119 swoimi przymy\u015bleniami.\u00a0<\/span><\/p>\t\t\t\t\t\t\t\t<\/div>\n\t\t\t\t<\/div>\n\t\t\t\t\t<\/div>\n\t\t\t\t<\/div>\n\t\t\t\t<\/div>\n\t\t","protected":false},"excerpt":{"rendered":"<p>Powo\u0142anie i ciemno\u015b\u0107.Poszukiwania Franciszka. W dniu 16. listopada odby\u0142o si\u0119 kolejne spotkanie formacyjne naszej wsp\u00f3lnoty. Po wys\u0142uchaniu konferencji na temat &laquo;Powo\u0142anie i ciemno\u015b\u0107. Poszukiwania Franciszka&raquo;, m\u00f3wi\u0105cej o tym, czego do\u015bwiadczy\u0142 \u015bw. Franciszek na pocz\u0105tku swojej drogi powo\u0142ania, mogli\u015bmy w chwili refleksji odnie\u015b\u0107 us\u0142yszane s\u0142owa do swojego \u017cycia i podzieli\u0107 si\u0119 swoimi przymy\u015bleniami.\u00a0 W dniu 16. &hellip; <\/p>\n<p class=\"link-more\"><a href=\"https:\/\/www.stfrans.no\/index.php\/z-zycia-wspolnoty\/\" class=\"more-link\">Fortsett \u00e5 lese<span class=\"screen-reader-text\"> \u00abZ \u017cycia wsp\u00f3lnoty\u00bb<\/span><\/a><\/p>\n","protected":false},"author":7,"featured_media":0,"parent":0,"menu_order":0,"comment_status":"closed","ping_status":"closed","template":"elementor_header_footer","meta":{"footnotes":""},"class_list":["post-10298","page","type-page","status-publish"],"_links":{"self":[{"href":"https:\/\/www.stfrans.no\/index.php\/wp-json\/wp\/v2\/pages\/10298","targetHints":{"allow":["GET"]}}],"collection":[{"href":"https:\/\/www.stfrans.no\/index.php\/wp-json\/wp\/v2\/pages"}],"about":[{"href":"https:\/\/www.stfrans.no\/index.php\/wp-json\/wp\/v2\/types\/page"}],"author":[{"embeddable":true,"href":"https:\/\/www.stfrans.no\/index.php\/wp-json\/wp\/v2\/users\/7"}],"replies":[{"embeddable":true,"href":"https:\/\/www.stfrans.no\/index.php\/wp-json\/wp\/v2\/comments?post=10298"}],"version-history":[{"count":7,"href":"https:\/\/www.stfrans.no\/index.php\/wp-json\/wp\/v2\/pages\/10298\/revisions"}],"predecessor-version":[{"id":10805,"href":"https:\/\/www.stfrans.no\/index.php\/wp-json\/wp\/v2\/pages\/10298\/revisions\/10805"}],"wp:attachment":[{"href":"https:\/\/www.stfrans.no\/index.php\/wp-json\/wp\/v2\/media?parent=10298"}],"curies":[{"name":"wp","href":"https:\/\/api.w.org\/{rel}","templated":true}]}}