{"id":10275,"date":"2024-11-21T19:40:42","date_gmt":"2024-11-21T18:40:42","guid":{"rendered":"https:\/\/www.stfrans.no\/?page_id=10275"},"modified":"2025-11-01T14:59:51","modified_gmt":"2025-11-01T13:59:51","slug":"kontakt","status":"publish","type":"page","link":"https:\/\/www.stfrans.no\/index.php\/kontakt\/","title":{"rendered":"Kontakt"},"content":{"rendered":"\t\t<div data-elementor-type=\"wp-page\" data-elementor-id=\"10275\" class=\"elementor elementor-10275\" data-elementor-post-type=\"page\">\n\t\t\t\t<div class=\"elementor-element elementor-element-684cc321 animated-slow e-flex e-con-boxed elementor-invisible e-con e-parent\" data-id=\"684cc321\" data-element_type=\"container\" data-e-type=\"container\" data-settings=\"{&quot;animation&quot;:&quot;fadeInUp&quot;}\">\n\t\t\t\t\t<div class=\"e-con-inner\">\n\t\t<div class=\"elementor-element elementor-element-4761cc30 e-con-full animated-slow e-flex elementor-invisible e-con e-child\" data-id=\"4761cc30\" data-element_type=\"container\" data-e-type=\"container\" data-settings=\"{&quot;animation&quot;:&quot;fadeInLeft&quot;}\">\n\t\t\t\t<div class=\"elementor-element elementor-element-2154d182 elementor-widget elementor-widget-image\" data-id=\"2154d182\" data-element_type=\"widget\" data-e-type=\"widget\" data-widget_type=\"image.default\">\n\t\t\t\t<div class=\"elementor-widget-container\">\n\t\t\t\t\t\t\t\t\t\t\t\t\t\t\t<img fetchpriority=\"high\" decoding=\"async\" width=\"525\" height=\"394\" src=\"https:\/\/www.stfrans.no\/wp-content\/uploads\/2024\/11\/tau-1024x768.webp\" class=\"attachment-large size-large wp-image-10268\" alt=\"\" srcset=\"https:\/\/www.stfrans.no\/wp-content\/uploads\/2024\/11\/tau-1024x768.webp 1024w, https:\/\/www.stfrans.no\/wp-content\/uploads\/2024\/11\/tau-300x225.webp 300w, https:\/\/www.stfrans.no\/wp-content\/uploads\/2024\/11\/tau-768x576.webp 768w, https:\/\/www.stfrans.no\/wp-content\/uploads\/2024\/11\/tau-1536x1152.webp 1536w, https:\/\/www.stfrans.no\/wp-content\/uploads\/2024\/11\/tau-scaled.webp 1920w\" sizes=\"100vw\" \/>\t\t\t\t\t\t\t\t\t\t\t\t\t\t\t<\/div>\n\t\t\t\t<\/div>\n\t\t\t\t<\/div>\n\t\t<div class=\"elementor-element elementor-element-7c5200eb e-con-full animated-slow e-flex elementor-invisible e-con e-child\" data-id=\"7c5200eb\" data-element_type=\"container\" data-e-type=\"container\" data-settings=\"{&quot;animation&quot;:&quot;fadeInRight&quot;}\">\n\t\t<div class=\"elementor-element elementor-element-66d6883c e-con-full e-flex e-con e-child\" data-id=\"66d6883c\" data-element_type=\"container\" data-e-type=\"container\">\n\t\t\t\t<div class=\"elementor-element elementor-element-d013984 elementor-widget elementor-widget-text-editor\" data-id=\"d013984\" data-element_type=\"widget\" data-e-type=\"widget\" data-widget_type=\"text-editor.default\">\n\t\t\t\t<div class=\"elementor-widget-container\">\n\t\t\t\t\t\t\t\t\t<h3 style=\"text-align: center;\"><strong>Lider wsp\u00f3lnoty<\/strong><br \/>Patrycja Barwi\u0144ska<br \/>tel. 45102118<br \/><span style=\"font-size: 1.375rem; font-family: var( --e-global-typography-text-font-family ), Sans-serif;\"><br \/><b>Opiekun duchowy<br \/><\/b><\/span><span style=\"font-size: 1.375rem; font-family: var( --e-global-typography-text-font-family ), Sans-serif;\">o. Dolindo Turek OFM<\/span><\/h3><h3 style=\"text-align: center;\"><strong>Dowiedz si\u0119 wi\u0119cej:<\/strong><\/h3>\t\t\t\t\t\t\t\t<\/div>\n\t\t\t\t<\/div>\n\t\t\t\t<\/div>\n\t\t<div class=\"elementor-element elementor-element-7c3db991 e-grid e-con-full e-con e-child\" data-id=\"7c3db991\" data-element_type=\"container\" data-e-type=\"container\">\n\t\t\t\t<div class=\"elementor-element elementor-element-46ace5f9 elementor-shape-square e-grid-align-right e-grid-align-mobile-left elementor-grid-0 elementor-widget elementor-widget-social-icons\" data-id=\"46ace5f9\" data-element_type=\"widget\" data-e-type=\"widget\" data-widget_type=\"social-icons.default\">\n\t\t\t\t<div class=\"elementor-widget-container\">\n\t\t\t\t\t\t\t<div class=\"elementor-social-icons-wrapper elementor-grid\">\n\t\t\t\t\t\t\t<span class=\"elementor-grid-item\">\n\t\t\t\t\t<a class=\"elementor-icon elementor-social-icon elementor-social-icon-facebook elementor-animation-bounce-out elementor-repeater-item-89571c1\" href=\"https:\/\/www.facebook.com\/WspolnotaFranciszkanskaTau\" target=\"_blank\">\n\t\t\t\t\t\t<span class=\"elementor-screen-only\">Facebook<\/span>\n\t\t\t\t\t\t<svg aria-hidden=\"true\" class=\"e-font-icon-svg e-fab-facebook\" viewBox=\"0 0 512 512\" xmlns=\"http:\/\/www.w3.org\/2000\/svg\"><path d=\"M504 256C504 119 393 8 256 8S8 119 8 256c0 123.78 90.69 226.38 209.25 245V327.69h-63V256h63v-54.64c0-62.15 37-96.48 93.67-96.48 27.14 0 55.52 4.84 55.52 4.84v61h-31.28c-30.8 0-40.41 19.12-40.41 38.73V256h68.78l-11 71.69h-57.78V501C413.31 482.38 504 379.78 504 256z\"><\/path><\/svg>\t\t\t\t\t<\/a>\n\t\t\t\t<\/span>\n\t\t\t\t\t<\/div>\n\t\t\t\t\t\t<\/div>\n\t\t\t\t<\/div>\n\t\t\t\t<div class=\"elementor-element elementor-element-5d3d17cf e-grid-align-left e-grid-align-mobile-left elementor-shape-rounded elementor-grid-0 elementor-widget elementor-widget-social-icons\" data-id=\"5d3d17cf\" data-element_type=\"widget\" data-e-type=\"widget\" data-widget_type=\"social-icons.default\">\n\t\t\t\t<div class=\"elementor-widget-container\">\n\t\t\t\t\t\t\t<div class=\"elementor-social-icons-wrapper elementor-grid\">\n\t\t\t\t\t\t\t<span class=\"elementor-grid-item\">\n\t\t\t\t\t<a class=\"elementor-icon elementor-social-icon elementor-social-icon- elementor-animation-bounce-out elementor-repeater-item-19d13ea\" href=\"https:\/\/wftau.org\/\" target=\"_blank\">\n\t\t\t\t\t\t<span class=\"elementor-screen-only\"><\/span>\n\t\t\t\t\t\t<svg xmlns=\"http:\/\/www.w3.org\/2000\/svg\" xmlns:xlink=\"http:\/\/www.w3.org\/1999\/xlink\" width=\"1024\" viewBox=\"0 0 768 767.999994\" height=\"1024\" preserveAspectRatio=\"xMidYMid meet\"><defs><g><\/g><\/defs><rect x=\"-76.8\" width=\"921.6\" fill=\"#ffffff\" y=\"-76.799999\" height=\"921.599993\" fill-opacity=\"1\"><\/rect><rect x=\"-76.8\" width=\"921.6\" fill=\"#d6bc9d\" y=\"-76.799999\" height=\"921.599993\" fill-opacity=\"1\"><\/rect><path fill=\"#764a16\" d=\"M 169.550781 154.148438 C 100.589844 209.796875 58.675781 301.957031 64.246094 385.761719 C 66.890625 425.640625 74.699219 453.9375 93.976562 493.5625 C 108.226562 522.847656 115.136719 532.0625 145.894531 562.699219 C 321.953125 738.089844 624.484375 649.355469 682.503906 429.691406 C 690.980469 397.589844 691.199219 329.699219 682.910156 298.578125 C 674.1875 265.804688 648.363281 215.300781 627.261719 189.765625 C 589.636719 144.246094 526.058594 104.535156 465.566406 88.867188 C 432.113281 80.183594 363.859375 76.890625 329.046875 82.296875 C 329.414062 82.296875 246.003906 92.484375 169.550781 154.148438 Z M 446.984375 196.113281 C 440.105469 202.53125 382.101562 210.703125 331.773438 212.359375 C 265.542969 214.539062 267.472656 216.644531 291.648438 168.480469 C 311.824219 128.265625 319.648438 120.9375 345.972656 117.582031 C 388.242188 112.183594 392.976562 112.878906 404.929688 126.242188 C 407.722656 126.242188 451.097656 192.277344 446.984375 196.113281 Z M 523.859375 151.777344 C 532.308594 157.242188 532.347656 157.449219 525.71875 162.460938 C 516.929688 169.09375 484.707031 185.886719 483.636719 184.386719 C 480.503906 179.992188 449.652344 126.921875 449.652344 125.925781 C 449.6875 117.855469 513.996094 145.363281 523.859375 151.777344 Z M 235.785156 204.949219 C 233.082031 207.617188 187.644531 195.507812 185.160156 191.457031 C 182.753906 187.542969 216.183594 163.359375 242.199219 150.1875 C 254.027344 144.203125 263.867188 139.792969 264.339844 140.242188 C 265.550781 141.46875 238.273438 202.488281 235.785156 204.949219 Z M 583.390625 196.535156 C 612.9375 227.71875 628.835938 253.304688 641.523438 290.140625 C 645.136719 300.617188 646.84375 309.78125 645.34375 310.667969 C 641.625 312.890625 572.015625 325.589844 548.371094 328.324219 C 515.449219 332.167969 535.761719 334.546875 507.648438 247.5625 C 502.734375 232.351562 499.226562 219.3125 499.882812 218.667969 C 500.535156 218.019531 510.523438 212.757812 522.351562 206.839844 C 557.835938 189.09375 558.035156 181.824219 565.269531 181.492188 C 568.519531 181.335938 583.746094 196.535156 583.390625 196.535156 Z M 185.09375 229.136719 C 199.621094 234.109375 214.929688 238.085938 219.226562 238.085938 C 226.078125 238.085938 226.683594 239.4375 224.710938 249.582031 C 219.066406 277.929688 212.113281 315.625 212.113281 344.535156 C 195.695312 344.535156 131.9375 345.089844 115.636719 342.339844 C 103.144531 340.226562 102.703125 339.644531 104.363281 327.304688 C 106.507812 311.621094 121.039062 272.898438 131.257812 255.660156 C 140.269531 240.457031 154.988281 220.183594 157.011719 220.183594 C 158.378906 220.183594 185.457031 229.136719 185.09375 229.136719 Z M 488.890625 324.933594 C 488.890625 331.566406 486.519531 333.40625 475.710938 335.054688 C 454.417969 338.296875 251.210938 345.878906 248.882812 343.523438 C 246.550781 341.171875 253.027344 287.769531 258.746094 263.125 L 262.484375 246.90625 C 312.601562 248.230469 384.769531 251.878906 440.902344 236.59375 C 464.554688 230.171875 463.761719 230.039062 467.980469 240.832031 C 469.585938 240.796875 488.890625 314.308594 488.890625 324.933594 Z M 641.34375 437.128906 C 621.175781 497.410156 570.011719 546.636719 570.324219 546.3125 C 563.164062 542.109375 530.632812 523.105469 524.878906 519.449219 C 521.226562 517.144531 521.125 513.023438 524.367188 498.835938 C 529.445312 476.605469 532.207031 390.671875 533.152344 367.875 C 549.082031 365.605469 615.117188 356.613281 630.816406 352.195312 C 648.386719 347.222656 651.0625 347.386719 653.34375 353.347656 C 657.207031 353.320312 650.492188 409.75 641.34375 437.128906 Z M 495.988281 402.316406 C 495.988281 429.667969 490.558594 484.777344 486.605469 497.632812 C 480.867188 516.222656 439.707031 464.339844 262.8125 494.25 C 257.773438 471.152344 251.035156 443.691406 248.457031 409.261719 L 246.261719 380.035156 C 421.976562 378.792969 344.40625 376.421875 495.988281 372.941406 Z M 208.75 384.414062 C 209.867188 386.277344 211.839844 403.167969 213.140625 422.09375 C 217.285156 482.597656 233.375 507.753906 221.585938 507.753906 C 215.742188 507.753906 162.101562 530.199219 162.457031 530.058594 C 125.90625 487.339844 105.855469 435.902344 102.78125 398.269531 L 100.957031 375.972656 C 220.167969 381.675781 209.128906 384.414062 208.75 384.414062 Z M 474.691406 544.246094 C 474.691406 553.714844 445.550781 607.117188 438.222656 611.128906 C 427.78125 616.820312 357.246094 617.683594 337.859375 618.257812 L 321.457031 597.640625 C 298.59375 568.914062 277.574219 532.933594 281.429688 529.128906 C 290.8125 519.839844 375.710938 517.921875 419.640625 526.003906 C 424.390625 526.003906 474.691406 537.792969 474.691406 544.246094 Z M 250.539062 556.414062 C 269.320312 595 285.765625 606.023438 271.261719 601.578125 C 258.414062 597.640625 211.09375 572.179688 199.980469 563.21875 L 189.84375 555.0625 C 236.191406 536.707031 239.265625 533.222656 250.554688 556.414062 Z M 496.65625 591.550781 C 495.15625 590.058594 511.808594 551.394531 510.855469 553.714844 C 527.78125 564.628906 531.949219 568.085938 532.332031 570.289062 C 536.882812 570.265625 499.078125 593.953125 496.65625 591.550781 Z M 496.65625 591.550781 \" fill-opacity=\"1\" fill-rule=\"nonzero\"><\/path><g fill=\"#860404\" fill-opacity=\"1\"><g transform=\"translate(272.004837, 449.522445)\"><g><path d=\"M 67.515625 -46.28125 C 68.128906 -46.28125 68.4375 -45.972656 68.4375 -45.359375 C 68.4375 -45.140625 68.347656 -44.929688 68.171875 -44.734375 C 67.992188 -44.535156 67.773438 -44.4375 67.515625 -44.4375 L 63.9375 -44.4375 L 48.46875 0.328125 C 48.332031 0.765625 48.046875 0.984375 47.609375 0.984375 C 47.210938 0.984375 46.925781 0.765625 46.75 0.328125 L 35.90625 -26.390625 L 23.609375 0.328125 C 23.429688 0.765625 23.164062 0.984375 22.8125 0.984375 C 22.414062 0.984375 22.128906 0.765625 21.953125 0.328125 L 3.90625 -44.4375 L 1.1875 -44.4375 C 0.925781 -44.4375 0.71875 -44.535156 0.5625 -44.734375 C 0.40625 -44.929688 0.328125 -45.140625 0.328125 -45.359375 C 0.328125 -45.972656 0.613281 -46.28125 1.1875 -46.28125 L 17.515625 -46.28125 C 18.179688 -46.28125 18.515625 -45.972656 18.515625 -45.359375 C 18.515625 -45.140625 18.414062 -44.929688 18.21875 -44.734375 C 18.019531 -44.535156 17.785156 -44.4375 17.515625 -44.4375 L 15.609375 -44.4375 L 27.96875 -13.75 L 35.046875 -28.703125 L 28.625 -44.4375 L 25.984375 -44.4375 C 25.722656 -44.4375 25.503906 -44.535156 25.328125 -44.734375 C 25.148438 -44.929688 25.0625 -45.140625 25.0625 -45.359375 C 25.0625 -45.972656 25.367188 -46.28125 25.984375 -46.28125 L 42.578125 -46.28125 C 42.847656 -46.28125 43.082031 -46.179688 43.28125 -45.984375 C 43.476562 -45.785156 43.578125 -45.554688 43.578125 -45.296875 C 43.578125 -44.722656 43.242188 -44.4375 42.578125 -44.4375 L 40.34375 -44.4375 L 51.96875 -15.875 L 61.828125 -44.4375 L 57.53125 -44.4375 C 57.3125 -44.4375 57.101562 -44.535156 56.90625 -44.734375 C 56.707031 -44.929688 56.609375 -45.140625 56.609375 -45.359375 C 56.609375 -45.628906 56.707031 -45.847656 56.90625 -46.015625 C 57.101562 -46.191406 57.3125 -46.28125 57.53125 -46.28125 Z M 67.515625 -46.28125 \"><\/path><\/g><\/g><\/g><g fill=\"#860404\" fill-opacity=\"1\"><g transform=\"translate(340.632557, 449.522445)\"><g><path d=\"M 67.515625 -46.28125 C 68.128906 -46.28125 68.4375 -45.972656 68.4375 -45.359375 C 68.4375 -45.140625 68.347656 -44.929688 68.171875 -44.734375 C 67.992188 -44.535156 67.773438 -44.4375 67.515625 -44.4375 L 63.9375 -44.4375 L 48.46875 0.328125 C 48.332031 0.765625 48.046875 0.984375 47.609375 0.984375 C 47.210938 0.984375 46.925781 0.765625 46.75 0.328125 L 35.90625 -26.390625 L 23.609375 0.328125 C 23.429688 0.765625 23.164062 0.984375 22.8125 0.984375 C 22.414062 0.984375 22.128906 0.765625 21.953125 0.328125 L 3.90625 -44.4375 L 1.1875 -44.4375 C 0.925781 -44.4375 0.71875 -44.535156 0.5625 -44.734375 C 0.40625 -44.929688 0.328125 -45.140625 0.328125 -45.359375 C 0.328125 -45.972656 0.613281 -46.28125 1.1875 -46.28125 L 17.515625 -46.28125 C 18.179688 -46.28125 18.515625 -45.972656 18.515625 -45.359375 C 18.515625 -45.140625 18.414062 -44.929688 18.21875 -44.734375 C 18.019531 -44.535156 17.785156 -44.4375 17.515625 -44.4375 L 15.609375 -44.4375 L 27.96875 -13.75 L 35.046875 -28.703125 L 28.625 -44.4375 L 25.984375 -44.4375 C 25.722656 -44.4375 25.503906 -44.535156 25.328125 -44.734375 C 25.148438 -44.929688 25.0625 -45.140625 25.0625 -45.359375 C 25.0625 -45.972656 25.367188 -46.28125 25.984375 -46.28125 L 42.578125 -46.28125 C 42.847656 -46.28125 43.082031 -46.179688 43.28125 -45.984375 C 43.476562 -45.785156 43.578125 -45.554688 43.578125 -45.296875 C 43.578125 -44.722656 43.242188 -44.4375 42.578125 -44.4375 L 40.34375 -44.4375 L 51.96875 -15.875 L 61.828125 -44.4375 L 57.53125 -44.4375 C 57.3125 -44.4375 57.101562 -44.535156 56.90625 -44.734375 C 56.707031 -44.929688 56.609375 -45.140625 56.609375 -45.359375 C 56.609375 -45.628906 56.707031 -45.847656 56.90625 -46.015625 C 57.101562 -46.191406 57.3125 -46.28125 57.53125 -46.28125 Z M 67.515625 -46.28125 \"><\/path><\/g><\/g><\/g><g fill=\"#860404\" fill-opacity=\"1\"><g transform=\"translate(409.260276, 449.522445)\"><g><path d=\"M 67.515625 -46.28125 C 68.128906 -46.28125 68.4375 -45.972656 68.4375 -45.359375 C 68.4375 -45.140625 68.347656 -44.929688 68.171875 -44.734375 C 67.992188 -44.535156 67.773438 -44.4375 67.515625 -44.4375 L 63.9375 -44.4375 L 48.46875 0.328125 C 48.332031 0.765625 48.046875 0.984375 47.609375 0.984375 C 47.210938 0.984375 46.925781 0.765625 46.75 0.328125 L 35.90625 -26.390625 L 23.609375 0.328125 C 23.429688 0.765625 23.164062 0.984375 22.8125 0.984375 C 22.414062 0.984375 22.128906 0.765625 21.953125 0.328125 L 3.90625 -44.4375 L 1.1875 -44.4375 C 0.925781 -44.4375 0.71875 -44.535156 0.5625 -44.734375 C 0.40625 -44.929688 0.328125 -45.140625 0.328125 -45.359375 C 0.328125 -45.972656 0.613281 -46.28125 1.1875 -46.28125 L 17.515625 -46.28125 C 18.179688 -46.28125 18.515625 -45.972656 18.515625 -45.359375 C 18.515625 -45.140625 18.414062 -44.929688 18.21875 -44.734375 C 18.019531 -44.535156 17.785156 -44.4375 17.515625 -44.4375 L 15.609375 -44.4375 L 27.96875 -13.75 L 35.046875 -28.703125 L 28.625 -44.4375 L 25.984375 -44.4375 C 25.722656 -44.4375 25.503906 -44.535156 25.328125 -44.734375 C 25.148438 -44.929688 25.0625 -45.140625 25.0625 -45.359375 C 25.0625 -45.972656 25.367188 -46.28125 25.984375 -46.28125 L 42.578125 -46.28125 C 42.847656 -46.28125 43.082031 -46.179688 43.28125 -45.984375 C 43.476562 -45.785156 43.578125 -45.554688 43.578125 -45.296875 C 43.578125 -44.722656 43.242188 -44.4375 42.578125 -44.4375 L 40.34375 -44.4375 L 51.96875 -15.875 L 61.828125 -44.4375 L 57.53125 -44.4375 C 57.3125 -44.4375 57.101562 -44.535156 56.90625 -44.734375 C 56.707031 -44.929688 56.609375 -45.140625 56.609375 -45.359375 C 56.609375 -45.628906 56.707031 -45.847656 56.90625 -46.015625 C 57.101562 -46.191406 57.3125 -46.28125 57.53125 -46.28125 Z M 67.515625 -46.28125 \"><\/path><\/g><\/g><\/g><\/svg>\t\t\t\t\t<\/a>\n\t\t\t\t<\/span>\n\t\t\t\t\t<\/div>\n\t\t\t\t\t\t<\/div>\n\t\t\t\t<\/div>\n\t\t\t\t<\/div>\n\t\t\t\t<\/div>\n\t\t\t\t\t<\/div>\n\t\t\t\t<\/div>\n\t\t\t\t<\/div>\n\t\t","protected":false},"excerpt":{"rendered":"<p>Lider wsp\u00f3lnotyPatrycja Barwi\u0144skatel. 45102118 Opiekun duchowyo. Dolindo Turek OFM Dowiedz si\u0119 wi\u0119cej: Facebook<\/p>\n","protected":false},"author":7,"featured_media":0,"parent":0,"menu_order":0,"comment_status":"closed","ping_status":"closed","template":"elementor_header_footer","meta":{"footnotes":""},"class_list":["post-10275","page","type-page","status-publish"],"_links":{"self":[{"href":"https:\/\/www.stfrans.no\/index.php\/wp-json\/wp\/v2\/pages\/10275","targetHints":{"allow":["GET"]}}],"collection":[{"href":"https:\/\/www.stfrans.no\/index.php\/wp-json\/wp\/v2\/pages"}],"about":[{"href":"https:\/\/www.stfrans.no\/index.php\/wp-json\/wp\/v2\/types\/page"}],"author":[{"embeddable":true,"href":"https:\/\/www.stfrans.no\/index.php\/wp-json\/wp\/v2\/users\/7"}],"replies":[{"embeddable":true,"href":"https:\/\/www.stfrans.no\/index.php\/wp-json\/wp\/v2\/comments?post=10275"}],"version-history":[{"count":12,"href":"https:\/\/www.stfrans.no\/index.php\/wp-json\/wp\/v2\/pages\/10275\/revisions"}],"predecessor-version":[{"id":10816,"href":"https:\/\/www.stfrans.no\/index.php\/wp-json\/wp\/v2\/pages\/10275\/revisions\/10816"}],"wp:attachment":[{"href":"https:\/\/www.stfrans.no\/index.php\/wp-json\/wp\/v2\/media?parent=10275"}],"curies":[{"name":"wp","href":"https:\/\/api.w.org\/{rel}","templated":true}]}}